{"id":4754,"date":"2025-10-13T15:18:59","date_gmt":"2025-10-13T13:18:59","guid":{"rendered":"https:\/\/solareclipsespain.com\/0020-faq\/"},"modified":"2026-03-12T20:24:34","modified_gmt":"2026-03-12T19:24:34","slug":"preguntas-frecuentes-faq","status":"publish","type":"page","link":"https:\/\/solareclipsespain.com\/es\/preguntas-frecuentes-faq\/","title":{"rendered":"2020-FAQ"},"content":{"rendered":"\t\t<div data-elementor-type=\"wp-page\" data-elementor-id=\"4754\" class=\"elementor elementor-4754 elementor-2620\" data-elementor-post-type=\"page\">\n\t\t\t\t<div class=\"elementor-element elementor-element-fe13d5a e-flex e-con-boxed e-con e-parent\" data-id=\"fe13d5a\" data-element_type=\"container\" data-e-type=\"container\" data-settings=\"{&quot;background_background&quot;:&quot;classic&quot;}\">\n\t\t\t\t\t<div class=\"e-con-inner\">\n\t\t\t\t<div class=\"elementor-element elementor-element-8d02c47 elementor-widget elementor-widget-heading\" data-id=\"8d02c47\" data-element_type=\"widget\" data-e-type=\"widget\" data-widget_type=\"heading.default\">\n\t\t\t\t\t<h1 class=\"elementor-heading-title elementor-size-default\">Preguntas frecuentes (FAQ)<\/h1>\t\t\t\t<\/div>\n\t\t\t\t\t<\/div>\n\t\t\t\t<\/div>\n\t\t<div class=\"elementor-element elementor-element-680642a6 e-flex e-con-boxed e-con e-parent\" data-id=\"680642a6\" data-element_type=\"container\" data-e-type=\"container\" data-settings=\"{&quot;background_background&quot;:&quot;classic&quot;}\">\n\t\t\t\t\t<div class=\"e-con-inner\">\n\t\t\t\t<div class=\"elementor-element elementor-element-e685688 elementor-widget-tablet__width-inherit elementor-widget__width-initial elementor-widget-tablet_extra__width-initial elementor-widget elementor-widget-text-editor\" data-id=\"e685688\" data-element_type=\"widget\" data-e-type=\"widget\" data-widget_type=\"text-editor.default\">\n\t\t\t\t\t\t\t\t\t<p><span style=\"font-weight: 400;\">Hemos creado esta lista de Preguntas Frecuentes (FAQ) bas\u00e1ndonos en las consultas que recibimos y el volumen de b\u00fasquedas en Google. <\/span><\/p><p><span style=\"font-weight: 400;\">Si cree que tiene alguna pregunta que no ha sido respondida y que deber\u00eda estar en la lista, no dude en <a style=\"color: #fbc35d;\" href=\"https:\/\/solareclipsespain.com\/es\/contacto\/\">contactarnos<\/a>.<\/span><\/p><p><span style=\"font-weight: 400;\">Con gusto consideraremos su solicitud.<\/span><\/p>\t\t\t\t\t\t\t\t<\/div>\n\t\t\t\t<div class=\"elementor-element elementor-element-e245125 elementor-widget-tablet_extra__width-initial elementor-widget__width-initial elementor-widget elementor-widget-heading\" data-id=\"e245125\" data-element_type=\"widget\" data-e-type=\"widget\" data-widget_type=\"heading.default\">\n\t\t\t\t\t<h2 class=\"elementor-heading-title elementor-size-default\">1. Preguntas frecuentes (FAQ) sobre las gafas Eclipse<\/h2>\t\t\t\t<\/div>\n\t\t\t\t<div class=\"elementor-element elementor-element-cbe5b55 elementor-widget-tablet_extra__width-initial elementor-widget__width-initial elementor-widget elementor-widget-heading\" data-id=\"cbe5b55\" data-element_type=\"widget\" data-e-type=\"widget\" data-widget_type=\"heading.default\">\n\t\t\t\t\t<h2 class=\"elementor-heading-title elementor-size-default\">2. Preguntas frecuentes (FAQ) sobre Vendedores<\/h2>\t\t\t\t<\/div>\n\t\t\t\t<div class=\"elementor-element elementor-element-32c977d elementor-widget-tablet_extra__width-initial elementor-widget__width-initial elementor-widget elementor-widget-heading\" data-id=\"32c977d\" data-element_type=\"widget\" data-e-type=\"widget\" data-widget_type=\"heading.default\">\n\t\t\t\t\t<h2 class=\"elementor-heading-title elementor-size-default\">3. Preguntas frecuentes (FAQ) - Observaci\u00f3n segura del eclipse<\/h2>\t\t\t\t<\/div>\n\t\t\t\t\t<\/div>\n\t\t\t\t<\/div>\n\t\t<div class=\"elementor-element elementor-element-d910913 e-flex e-con-boxed e-con e-parent\" data-id=\"d910913\" data-element_type=\"container\" data-e-type=\"container\" data-settings=\"{&quot;background_background&quot;:&quot;classic&quot;}\">\n\t\t\t\t\t<div class=\"e-con-inner\">\n\t\t<div class=\"elementor-element elementor-element-4aa1933 e-con-full elementor-hidden-mobile e-flex e-con e-child\" data-id=\"4aa1933\" data-element_type=\"container\" data-e-type=\"container\" data-settings=\"{&quot;background_background&quot;:&quot;classic&quot;}\">\n\t\t<div class=\"elementor-element elementor-element-4738e9a e-con-full e-flex e-con e-child\" data-id=\"4738e9a\" data-element_type=\"container\" data-e-type=\"container\">\n\t\t\t\t<div class=\"elementor-element elementor-element-5c22f4a elementor-widget elementor-widget-heading\" data-id=\"5c22f4a\" data-element_type=\"widget\" data-e-type=\"widget\" data-widget_type=\"heading.default\">\n\t\t\t\t\t<h2 class=\"elementor-heading-title elementor-size-default\">Experimente un Eclipse<br>Solar \u00danico con Spectrum<\/h2>\t\t\t\t<\/div>\n\t\t\t\t<div class=\"elementor-element elementor-element-51a3009 elementor-widget elementor-widget-text-editor\" data-id=\"51a3009\" data-element_type=\"widget\" data-e-type=\"widget\" data-widget_type=\"text-editor.default\">\n\t\t\t\t\t\t\t\t\t<p>\u00a1Las Gafas de Eclipse Spectrum cuentan con homologaci\u00f3n ISO, dise\u00f1os geniales y grandes premios!<\/p>\t\t\t\t\t\t\t\t<\/div>\n\t\t\t\t<div class=\"elementor-element elementor-element-55f072b elementor-align-center elementor-widget elementor-widget-button\" data-id=\"55f072b\" data-element_type=\"widget\" data-e-type=\"widget\" data-widget_type=\"button.default\">\n\t\t\t\t\t\t\t\t\t\t<a class=\"elementor-button elementor-button-link elementor-size-sm\" href=\"\/product\/buy-spectrum-solar-eclipse-glasses\/\">\n\t\t\t\t\t\t<span class=\"elementor-button-content-wrapper\">\n\t\t\t\t\t\t\t\t\t<span class=\"elementor-button-text\">Comprar Ahora<\/span>\n\t\t\t\t\t<\/span>\n\t\t\t\t\t<\/a>\n\t\t\t\t\t\t\t\t<\/div>\n\t\t\t\t<\/div>\n\t\t<div class=\"elementor-element elementor-element-22e1684 e-con-full e-flex e-con e-child\" data-id=\"22e1684\" data-element_type=\"container\" data-e-type=\"container\">\n\t\t\t\t<\/div>\n\t\t\t\t<\/div>\n\t\t<div class=\"elementor-element elementor-element-fbc94b1 elementor-hidden-desktop elementor-hidden-laptop elementor-hidden-tablet_extra elementor-hidden-tablet elementor-hidden-mobile_extra e-con-full e-flex e-con e-child\" data-id=\"fbc94b1\" data-element_type=\"container\" data-e-type=\"container\" data-settings=\"{&quot;background_background&quot;:&quot;gradient&quot;}\">\n\t\t<div class=\"elementor-element elementor-element-f334888 e-con-full e-flex e-con e-child\" data-id=\"f334888\" data-element_type=\"container\" data-e-type=\"container\">\n\t\t\t\t<div class=\"elementor-element elementor-element-86c14a7 elementor-widget elementor-widget-heading\" data-id=\"86c14a7\" data-element_type=\"widget\" data-e-type=\"widget\" data-widget_type=\"heading.default\">\n\t\t\t\t\t<h2 class=\"elementor-heading-title elementor-size-default\">Experimente un Eclipse<br>Solar \u00danico con Spectrum<\/h2>\t\t\t\t<\/div>\n\t\t\t\t<div class=\"elementor-element elementor-element-77db1c0 elementor-widget elementor-widget-text-editor\" data-id=\"77db1c0\" data-element_type=\"widget\" data-e-type=\"widget\" data-widget_type=\"text-editor.default\">\n\t\t\t\t\t\t\t\t\t<p>\u00a1Las Gafas de Eclipse Spectrum cuentan con homologaci\u00f3n ISO, dise\u00f1os geniales y grandes premios!<\/p>\t\t\t\t\t\t\t\t<\/div>\n\t\t\t\t<div class=\"elementor-element elementor-element-81ef26e elementor-align-center elementor-widget elementor-widget-button\" data-id=\"81ef26e\" data-element_type=\"widget\" data-e-type=\"widget\" data-settings=\"{&quot;_animation_mobile&quot;:&quot;zoomIn&quot;}\" data-widget_type=\"button.default\">\n\t\t\t\t\t\t\t\t\t\t<a class=\"elementor-button elementor-button-link elementor-size-sm\" href=\"\/product\/buy-spectrum-solar-eclipse-glasses\/\">\n\t\t\t\t\t\t<span class=\"elementor-button-content-wrapper\">\n\t\t\t\t\t\t\t\t\t<span class=\"elementor-button-text\">Comprar Ahora<\/span>\n\t\t\t\t\t<\/span>\n\t\t\t\t\t<\/a>\n\t\t\t\t\t\t\t\t<\/div>\n\t\t\t\t<\/div>\n\t\t<div class=\"elementor-element elementor-element-e3245ec e-con-full e-flex e-con e-child\" data-id=\"e3245ec\" data-element_type=\"container\" data-e-type=\"container\">\n\t\t\t\t<div class=\"elementor-element elementor-element-56dd4cf elementor-widget elementor-widget-image\" data-id=\"56dd4cf\" data-element_type=\"widget\" data-e-type=\"widget\" data-widget_type=\"image.default\">\n\t\t\t\t\t\t\t\t\t\t\t\t\t\t\t<img fetchpriority=\"high\" decoding=\"async\" width=\"516\" height=\"221\" src=\"https:\/\/solareclipsespain.com\/wp-content\/uploads\/CTA_Section__2_-removebg-preview-1.png\" class=\"attachment-full size-full wp-image-4422\" alt=\"Familia con gafas de eclipse solar con certificaci\u00f3n ISO y sonriendo mientras mira hacia arriba, con enlace a la p\u00e1gina oficial de pedidos de protecci\u00f3n contra el eclipse en Espa\u00f1a.\" srcset=\"https:\/\/solareclipsespain.com\/wp-content\/uploads\/CTA_Section__2_-removebg-preview-1.png 516w, https:\/\/solareclipsespain.com\/wp-content\/uploads\/CTA_Section__2_-removebg-preview-1-300x128.png 300w\" sizes=\"(max-width: 516px) 100vw, 516px\" \/>\t\t\t\t\t\t\t\t\t\t\t\t\t\t\t<\/div>\n\t\t\t\t<\/div>\n\t\t\t\t<\/div>\n\t\t\t\t\t<\/div>\n\t\t\t\t<\/div>\n\t\t\t\t<\/div>\n\t\t","protected":false},"excerpt":{"rendered":"<p>Preguntas frecuentes (FAQ) Hemos creado esta lista de Preguntas Frecuentes (FAQ) bas\u00e1ndonos en las consultas que recibimos y el volumen [&hellip;]<\/p>\n","protected":false},"author":19,"featured_media":0,"parent":0,"menu_order":0,"comment_status":"closed","ping_status":"closed","template":"","meta":{"site-sidebar-layout":"no-sidebar","site-content-layout":"","ast-site-content-layout":"full-width-container","site-content-style":"default","site-sidebar-style":"default","ast-global-header-display":"","ast-banner-title-visibility":"","ast-main-header-display":"","ast-hfb-above-header-display":"","ast-hfb-below-header-display":"","ast-hfb-mobile-header-display":"","site-post-title":"disabled","ast-breadcrumbs-content":"","ast-featured-img":"disabled","footer-sml-layout":"","ast-disable-related-posts":"","theme-transparent-header-meta":"","adv-header-id-meta":"","stick-header-meta":"","header-above-stick-meta":"","header-main-stick-meta":"","header-below-stick-meta":"","astra-migrate-meta-layouts":"default","ast-page-background-enabled":"default","ast-page-background-meta":{"desktop":{"background-color":"var(--ast-global-color-5)","background-image":"","background-repeat":"repeat","background-position":"center center","background-size":"auto","background-attachment":"scroll","background-type":"","background-media":"","overlay-type":"","overlay-color":"","overlay-opacity":"","overlay-gradient":""},"tablet":{"background-color":"","background-image":"","background-repeat":"repeat","background-position":"center center","background-size":"auto","background-attachment":"scroll","background-type":"","background-media":"","overlay-type":"","overlay-color":"","overlay-opacity":"","overlay-gradient":""},"mobile":{"background-color":"","background-image":"","background-repeat":"repeat","background-position":"center center","background-size":"auto","background-attachment":"scroll","background-type":"","background-media":"","overlay-type":"","overlay-color":"","overlay-opacity":"","overlay-gradient":""}},"ast-content-background-meta":{"desktop":{"background-color":"var(--ast-global-color-4)","background-image":"","background-repeat":"repeat","background-position":"center center","background-size":"auto","background-attachment":"scroll","background-type":"","background-media":"","overlay-type":"","overlay-color":"","overlay-opacity":"","overlay-gradient":""},"tablet":{"background-color":"var(--ast-global-color-4)","background-image":"","background-repeat":"repeat","background-position":"center center","background-size":"auto","background-attachment":"scroll","background-type":"","background-media":"","overlay-type":"","overlay-color":"","overlay-opacity":"","overlay-gradient":""},"mobile":{"background-color":"var(--ast-global-color-4)","background-image":"","background-repeat":"repeat","background-position":"center center","background-size":"auto","background-attachment":"scroll","background-type":"","background-media":"","overlay-type":"","overlay-color":"","overlay-opacity":"","overlay-gradient":""}},"footnotes":""},"class_list":["post-4754","page","type-page","status-publish","hentry"],"_links":{"self":[{"href":"https:\/\/solareclipsespain.com\/es\/wp-json\/wp\/v2\/pages\/4754","targetHints":{"allow":["GET"]}}],"collection":[{"href":"https:\/\/solareclipsespain.com\/es\/wp-json\/wp\/v2\/pages"}],"about":[{"href":"https:\/\/solareclipsespain.com\/es\/wp-json\/wp\/v2\/types\/page"}],"author":[{"embeddable":true,"href":"https:\/\/solareclipsespain.com\/es\/wp-json\/wp\/v2\/users\/19"}],"replies":[{"embeddable":true,"href":"https:\/\/solareclipsespain.com\/es\/wp-json\/wp\/v2\/comments?post=4754"}],"version-history":[{"count":11,"href":"https:\/\/solareclipsespain.com\/es\/wp-json\/wp\/v2\/pages\/4754\/revisions"}],"predecessor-version":[{"id":6227,"href":"https:\/\/solareclipsespain.com\/es\/wp-json\/wp\/v2\/pages\/4754\/revisions\/6227"}],"wp:attachment":[{"href":"https:\/\/solareclipsespain.com\/es\/wp-json\/wp\/v2\/media?parent=4754"}],"curies":[{"name":"wp","href":"https:\/\/api.w.org\/{rel}","templated":true}]}}