{"id":4484,"date":"2025-11-06T23:25:57","date_gmt":"2025-11-06T22:25:57","guid":{"rendered":"https:\/\/solareclipsespain.com\/2010-privacy-policy\/"},"modified":"2026-03-18T15:18:10","modified_gmt":"2026-03-18T14:18:10","slug":"politica-de-privacidad","status":"publish","type":"page","link":"https:\/\/solareclipsespain.com\/es\/politica-de-privacidad\/","title":{"rendered":"2010-Privacy Policy"},"content":{"rendered":"\t\t<div data-elementor-type=\"wp-page\" data-elementor-id=\"4484\" class=\"elementor elementor-4484 elementor-3767\" data-elementor-post-type=\"page\">\n\t\t\t\t<div class=\"elementor-element elementor-element-7ace3ed7 e-flex e-con-boxed e-con e-parent\" data-id=\"7ace3ed7\" data-element_type=\"container\" data-e-type=\"container\" data-settings=\"{&quot;background_background&quot;:&quot;classic&quot;}\">\n\t\t\t\t\t<div class=\"e-con-inner\">\n\t\t\t\t<div class=\"elementor-element elementor-element-283d00b8 elementor-widget elementor-widget-heading\" data-id=\"283d00b8\" data-element_type=\"widget\" data-e-type=\"widget\" data-widget_type=\"heading.default\">\n\t\t\t\t\t<h1 class=\"elementor-heading-title elementor-size-default\">Pol\u00edtica de Privacidad de Solareclipsespain.com<\/h1>\t\t\t\t<\/div>\n\t\t\t\t\t<\/div>\n\t\t\t\t<\/div>\n\t\t<div class=\"elementor-element elementor-element-554017d1 e-flex e-con-boxed e-con e-parent\" data-id=\"554017d1\" data-element_type=\"container\" data-e-type=\"container\" data-settings=\"{&quot;background_background&quot;:&quot;classic&quot;}\">\n\t\t\t\t\t<div class=\"e-con-inner\">\n\t\t<div class=\"elementor-element elementor-element-6593a2e2 e-con-full e-flex e-con e-child\" data-id=\"6593a2e2\" data-element_type=\"container\" data-e-type=\"container\">\n\t\t<div class=\"elementor-element elementor-element-76f66785 e-con-full e-flex e-con e-child\" data-id=\"76f66785\" data-element_type=\"container\" data-e-type=\"container\">\n\t\t\t\t<div class=\"elementor-element elementor-element-aabced8 elementor-widget elementor-widget-text-editor\" data-id=\"aabced8\" data-element_type=\"widget\" data-e-type=\"widget\" data-widget_type=\"text-editor.default\">\n\t\t\t\t\t\t\t\t\t<p>\u00daltima actualizaci\u00f3n y fecha de entrada en vigor:<\/p>\t\t\t\t\t\t\t\t<\/div>\n\t\t\t\t<\/div>\n\t\t<div class=\"elementor-element elementor-element-257107ef e-con-full e-flex e-con e-child\" data-id=\"257107ef\" data-element_type=\"container\" data-e-type=\"container\">\n\t\t\t\t<div class=\"elementor-element elementor-element-46afe29d elementor-widget elementor-widget-text-editor\" data-id=\"46afe29d\" data-element_type=\"widget\" data-e-type=\"widget\" data-widget_type=\"text-editor.default\">\n\t\t\t\t\t\t\t\t\t6 de noviembre de 2025\t\t\t\t\t\t\t\t<\/div>\n\t\t\t\t<\/div>\n\t\t\t\t<\/div>\n\t\t<div class=\"elementor-element elementor-element-4d2eec5d e-con-full e-flex e-con e-child\" data-id=\"4d2eec5d\" data-element_type=\"container\" data-e-type=\"container\">\n\t\t\t\t<div class=\"elementor-element elementor-element-4521002e elementor-widget elementor-widget-heading\" data-id=\"4521002e\" data-element_type=\"widget\" data-e-type=\"widget\" data-widget_type=\"heading.default\">\n\t\t\t\t\t<h3 class=\"elementor-heading-title elementor-size-default\">1. Introducci\u00f3n<\/h3>\t\t\t\t<\/div>\n\t\t\t\t<div class=\"elementor-element elementor-element-43bc5c4 elementor-widget-tablet__width-inherit elementor-widget__width-inherit elementor-widget elementor-widget-text-editor\" data-id=\"43bc5c4\" data-element_type=\"widget\" data-e-type=\"widget\" data-widget_type=\"text-editor.default\">\n\t\t\t\t\t\t\t\t\t<p><span style=\"font-weight: 400;\">Nos tomamos muy en serio su privacidad. Queremos que tenga la seguridad de que sus datos personales se gestionan de forma responsable, segura y transparente. <\/span><\/p><p><span style=\"font-weight: 400;\">Esta Pol\u00edtica de Privacidad explica:<\/span><\/p><ul><li style=\"font-weight: 400;\" aria-level=\"1\"><span style=\"font-weight: 400;\">Qu\u00e9 datos personales recopilamos<\/span><\/li><li style=\"font-weight: 400;\" aria-level=\"1\"><span style=\"font-weight: 400;\">Por qu\u00e9 los recopilamos y c\u00f3mo los utilizamos<\/span><\/li><li style=\"font-weight: 400;\" aria-level=\"1\"><span style=\"font-weight: 400;\">Con qui\u00e9n los compartimos y por qu\u00e9<\/span><\/li><li style=\"font-weight: 400;\" aria-level=\"1\"><span style=\"font-weight: 400;\">Cu\u00e1nto tiempo los conservamos<\/span><\/li><li style=\"font-weight: 400;\" aria-level=\"1\">Sus derechos seg\u00fan el Reglamento General de Protecci\u00f3n de Datos (RGPD)<\/li><\/ul><p><span style=\"font-weight: 400;\">Nuestro objetivo es que esta pol\u00edtica sea clara y f\u00e1cil de entender, porque proteger su privacidad es tan importante para nosotros como proteger sus ojos durante un eclipse solar.<\/span><\/p>\t\t\t\t\t\t\t\t<\/div>\n\t\t\t\t<div class=\"elementor-element elementor-element-5b4fa48c elementor-widget elementor-widget-heading\" data-id=\"5b4fa48c\" data-element_type=\"widget\" data-e-type=\"widget\" data-widget_type=\"heading.default\">\n\t\t\t\t\t<h2 class=\"elementor-heading-title elementor-size-default\">2. Responsable del tratamiento de datos<\/h2>\t\t\t\t<\/div>\n\t\t\t\t<div class=\"elementor-element elementor-element-17710acf elementor-widget-tablet__width-inherit elementor-widget__width-inherit elementor-widget elementor-widget-text-editor\" data-id=\"17710acf\" data-element_type=\"widget\" data-e-type=\"widget\" data-widget_type=\"text-editor.default\">\n\t\t\t\t\t\t\t\t\t<p>El responsable del tratamiento de sus datos personales es:<\/p><p>Peitho Marketing LLC<br>539 W. Commerce St #4973<br>Dallas, TX 75208<br><br><\/p><p>Esto significa que decidimos c\u00f3mo y por qu\u00e9 se procesan sus datos personales, de conformidad con el <span style=\"color: #fbc35d;\"><a style=\"color: #fbc35d;\" href=\"https:\/\/gdpr.eu\/what-is-gdpr\/\" target=\"_blank\" rel=\"noopener\">RGPD (Reglamento General de Protecci\u00f3n de Datos) de la UE<\/a><\/span>.<\/p>\t\t\t\t\t\t\t\t<\/div>\n\t\t\t\t<div class=\"elementor-element elementor-element-53e27102 elementor-widget elementor-widget-heading\" data-id=\"53e27102\" data-element_type=\"widget\" data-e-type=\"widget\" data-widget_type=\"heading.default\">\n\t\t\t\t\t<h2 class=\"elementor-heading-title elementor-size-default\">3. Datos de acceso y alojamiento<\/h2>\t\t\t\t<\/div>\n\t\t\t\t<div class=\"elementor-element elementor-element-3e7c3d1e elementor-widget-tablet__width-inherit elementor-widget__width-inherit elementor-widget elementor-widget-text-editor\" data-id=\"3e7c3d1e\" data-element_type=\"widget\" data-e-type=\"widget\" data-widget_type=\"text-editor.default\">\n\t\t\t\t\t\t\t\t\t<p>Cuando visita nuestro sitio web, nuestro sistema registra autom\u00e1ticamente cierta informaci\u00f3n t\u00e9cnica (\u00abarchivos de registro del servidor\u00bb). Esto incluye su direcci\u00f3n IP, fecha y hora de acceso, p\u00e1ginas visitadas, archivos solicitados, cantidad de datos transferidos, tipo y versi\u00f3n del navegador, sistema operativo y el sitio web de procedencia. <\/p><p>Utilizamos estos datos para garantizar el correcto funcionamiento de nuestro sitio, identificar y solucionar problemas t\u00e9cnicos y protegernos contra ciberamenazas. Por ejemplo, si detectamos actividad inusual en los registros, podemos tomar medidas para bloquear posibles ataques antes de que causen da\u00f1os. <\/p><p>Fundamento jur\u00eddico: Inter\u00e9s leg\u00edtimo (Art. 6(1)(f) RGPD) en mantener la seguridad y la funcionalidad de nuestros servicios en l\u00ednea.<br><br>Retenci\u00f3n: Los registros se conservan normalmente durante un m\u00e1ximo de 14 d\u00edas y posteriormente se eliminan, salvo que los necesitemos por motivos de seguridad o legales. <\/p>\t\t\t\t\t\t\t\t<\/div>\n\t\t\t\t<div class=\"elementor-element elementor-element-25ae8721 elementor-widget elementor-widget-heading\" data-id=\"25ae8721\" data-element_type=\"widget\" data-e-type=\"widget\" data-widget_type=\"heading.default\">\n\t\t\t\t\t<h2 class=\"elementor-heading-title elementor-size-default\">4. Alojamiento web<\/h2>\t\t\t\t<\/div>\n\t\t\t\t<div class=\"elementor-element elementor-element-5da6ae98 elementor-widget-tablet__width-inherit elementor-widget__width-inherit elementor-widget elementor-widget-text-editor\" data-id=\"5da6ae98\" data-element_type=\"widget\" data-e-type=\"widget\" data-widget_type=\"text-editor.default\">\n\t\t\t\t\t\t\t\t\t<p>Nuestro sitio web est\u00e1 alojado por proveedores profesionales en Europa que proporcionan el espacio en el servidor y la tecnolog\u00eda necesarios para su funcionamiento. Todos los datos personales recopilados a trav\u00e9s del sitio web \u2014incluidos los formularios de pedido, los formularios de contacto y los registros de afiliados\u2014 se procesan en sus servidores seguros. <\/p><p>Solo trabajamos con proveedores de alojamiento que cumplen con los est\u00e1ndares de seguridad del RGPD, lo que garantiza que sus datos permanezcan seguros durante la transmisi\u00f3n y el almacenamiento.<\/p>\t\t\t\t\t\t\t\t<\/div>\n\t\t\t\t<div class=\"elementor-element elementor-element-28d2a849 elementor-widget elementor-widget-heading\" data-id=\"28d2a849\" data-element_type=\"widget\" data-e-type=\"widget\" data-widget_type=\"heading.default\">\n\t\t\t\t\t<h2 class=\"elementor-heading-title elementor-size-default\">5. Formulario de contacto<\/h2>\t\t\t\t<\/div>\n\t\t\t\t<div class=\"elementor-element elementor-element-4e3e864f elementor-widget-tablet__width-inherit elementor-widget__width-inherit elementor-widget elementor-widget-text-editor\" data-id=\"4e3e864f\" data-element_type=\"widget\" data-e-type=\"widget\" data-widget_type=\"text-editor.default\">\n\t\t\t\t\t\t\t\t\t<p>Si se pone en contacto con nosotros a trav\u00e9s de nuestro formulario de contacto o por correo electr\u00f3nico, podemos recopilar su nombre, direcci\u00f3n de correo electr\u00f3nico, n\u00famero de tel\u00e9fono y cualquier otro dato que decida compartir, seg\u00fan el m\u00e9todo de comunicaci\u00f3n.<\/p><p>Utilizamos esta informaci\u00f3n para responder a sus consultas y realizar un seguimiento si fuera necesario.<\/p><p>Fundamento jur\u00eddico: Ejecuci\u00f3n del contrato si est\u00e1 relacionado con un pedido (Art. 6(1)(b) RGPD) o inter\u00e9s leg\u00edtimo en la gesti\u00f3n de consultas (Art. 6(1)(f) RGPD).  <\/p><p>Conservaci\u00f3n: Los correos electr\u00f3nicos relacionados con consultas se conservan el tiempo necesario para gestionar y documentar las comunicaciones, normalmente hasta 12 meses. Podemos conservar la correspondencia durante m\u00e1s tiempo si es relevante para un asunto en curso o para un seguimiento futuro. Una vez que ya no se necesitan, los datos se eliminan o archivan de forma segura de acuerdo con nuestra pol\u00edtica de conservaci\u00f3n de datos.  <\/p>\t\t\t\t\t\t\t\t<\/div>\n\t\t\t\t<div class=\"elementor-element elementor-element-4c4bfb92 elementor-widget elementor-widget-heading\" data-id=\"4c4bfb92\" data-element_type=\"widget\" data-e-type=\"widget\" data-widget_type=\"heading.default\">\n\t\t\t\t\t<h2 class=\"elementor-heading-title elementor-size-default\">6. Foro de discusi\u00f3n y redes sociales<\/h2>\t\t\t\t<\/div>\n\t\t\t\t<div class=\"elementor-element elementor-element-2ebcf0f5 elementor-widget-tablet__width-inherit elementor-widget__width-inherit elementor-widget elementor-widget-text-editor\" data-id=\"2ebcf0f5\" data-element_type=\"widget\" data-e-type=\"widget\" data-widget_type=\"text-editor.default\">\n\t\t\t\t\t\t\t\t\t<p><span style=\"font-weight: 400;\">Nuestro foro de discusi\u00f3n permite a los usuarios comentar o participar iniciando sesi\u00f3n con una cuenta de redes sociales o de Google. Al elegir esta opci\u00f3n, la autenticaci\u00f3n la gestiona directamente el proveedor seleccionado (p. ej., Google, Facebook, Instagram, X). Recibimos \u00fanicamente la informaci\u00f3n necesaria para crear o reconocer su perfil de usuario en nuestro sitio web: normalmente su nombre, direcci\u00f3n de correo electr\u00f3nico y un ID de usuario espec\u00edfico del proveedor.  <\/span><\/p><p><span style=\"font-weight: 400;\">Esta informaci\u00f3n se almacena de forma segura en nuestro servidor web, dentro de su cuenta de usuario de WordPress, para que pueda publicar mensajes, gestionar su perfil y permanecer conectado. No accedemos a su contrase\u00f1a ni a otros datos personales de su cuenta de redes sociales. <\/span><\/p><p><span style=\"font-weight: 400;\">La base legal para el tratamiento de estos datos es nuestro inter\u00e9s leg\u00edtimo (art\u00edculo 6, apartado 1, letra f), del RGPD) en facilitar un inicio de sesi\u00f3n c\u00f3modo y seguro, y fomentar la interacci\u00f3n de la comunidad en nuestro sitio. <\/span><\/p><p><span style=\"font-weight: 400;\">Durante el proceso de inicio de sesi\u00f3n inicial, Peitho Marketing LLC y la plataforma de redes sociales correspondiente act\u00faan como corresponsables del tratamiento, de conformidad con el art\u00edculo 26 del RGPD, limit\u00e1ndose a la autenticaci\u00f3n y la transmisi\u00f3n de datos. Cada parte sigue siendo responsable de forma independiente de sus propias actividades de tratamiento posteriores. <\/span><\/p><p><span style=\"font-weight: 400;\">El usuario podr\u00e1 eliminar su cuenta del foro en cualquier momento <a href=\"https:\/\/solareclipsespain-co-726796.hostingersite.com\/es\/contacto\/\" target=\"_blank\" rel=\"noopener\">contact\u00e1ndonos<\/a>.<\/span><\/p><p><span style=\"font-weight: 400;\">Una vez eliminada, sus publicaciones permanecer\u00e1n visibles bajo un nombre de usuario an\u00f3nimo, a menos que solicites su eliminaci\u00f3n.<\/span><\/p><p><span style=\"font-weight: 400;\">Para obtener m\u00e1s informaci\u00f3n sobre c\u00f3mo tu proveedor de inicio de sesi\u00f3n gestiona tus datos, consulta sus pol\u00edticas de privacidad (por ejemplo, la Pol\u00edtica de Privacidad de Google LLC, la Pol\u00edtica de Privacidad de Meta Platforms Inc., etc.).<\/span><\/p>\t\t\t\t\t\t\t\t<\/div>\n\t\t\t\t<div class=\"elementor-element elementor-element-124523bc elementor-widget elementor-widget-heading\" data-id=\"124523bc\" data-element_type=\"widget\" data-e-type=\"widget\" data-widget_type=\"heading.default\">\n\t\t\t\t\t<h2 class=\"elementor-heading-title elementor-size-default\">7. Tus derechos seg\u00fan el RGPD<\/h2>\t\t\t\t<\/div>\n\t\t\t\t<div class=\"elementor-element elementor-element-24d2f1f9 elementor-widget-tablet__width-inherit elementor-widget__width-inherit elementor-widget elementor-widget-text-editor\" data-id=\"24d2f1f9\" data-element_type=\"widget\" data-e-type=\"widget\" data-widget_type=\"text-editor.default\">\n\t\t\t\t\t\t\t\t\t<p><span style=\"font-weight: 400;\">Tiene derecho a:<\/span><\/p><ul><li style=\"font-weight: 400;\" aria-level=\"1\"><span style=\"font-weight: 400;\">Acceder a los datos personales que conservamos sobre usted<\/span><\/li><li style=\"font-weight: 400;\" aria-level=\"1\"><span style=\"font-weight: 400;\">Corregir cualquier inexactitud en sus datos<\/span><\/li><li style=\"font-weight: 400;\" aria-level=\"1\"><span style=\"font-weight: 400;\">Solicitar la eliminaci\u00f3n de sus datos (\u00abderecho al olvido\u00bb)<\/span><\/li><li style=\"font-weight: 400;\" aria-level=\"1\"><span style=\"font-weight: 400;\">Restringir el tratamiento de sus datos<\/span><\/li><li style=\"font-weight: 400;\" aria-level=\"1\"><span style=\"font-weight: 400;\">Recibir una copia de sus datos en un formato port\u00e1til<\/span><\/li><li style=\"font-weight: 400;\" aria-level=\"1\"><span style=\"font-weight: 400;\">Oponerse a determinadas actividades de tratamiento<\/span><\/li><li style=\"font-weight: 400;\" aria-level=\"1\"><span style=\"font-weight: 400;\">Retirar su consentimiento en cualquier momento<\/span><\/li><li style=\"font-weight: 400;\" aria-level=\"1\"><span style=\"font-weight: 400;\">Presentar una reclamaci\u00f3n ante una autoridad de control<\/span><\/li><\/ul><p><span style=\"font-weight: 400;\">Para ejercer cualquiera de estos derechos, <a href=\"https:\/\/solareclipsespain-co-726796.hostingersite.com\/es\/contacto\/\" target=\"_blank\" rel=\"noopener\">cont\u00e1ctenos<\/a>. <\/span><\/p>\t\t\t\t\t\t\t\t<\/div>\n\t\t\t\t<div class=\"elementor-element elementor-element-37b7007 elementor-widget elementor-widget-heading\" data-id=\"37b7007\" data-element_type=\"widget\" data-e-type=\"widget\" data-widget_type=\"heading.default\">\n\t\t\t\t\t<h2 class=\"elementor-heading-title elementor-size-default\">8. Seguridad de los datos<\/h2>\t\t\t\t<\/div>\n\t\t\t\t<div class=\"elementor-element elementor-element-c746f71 elementor-widget-tablet__width-inherit elementor-widget__width-inherit elementor-widget elementor-widget-text-editor\" data-id=\"c746f71\" data-element_type=\"widget\" data-e-type=\"widget\" data-widget_type=\"text-editor.default\">\n\t\t\t\t\t\t\t\t\t<p><span style=\"font-weight: 400;\">Aplicamos medidas de seguridad t\u00e9cnicas y organizativas para proteger sus datos contra el acceso, la alteraci\u00f3n, la divulgaci\u00f3n o la destrucci\u00f3n no autorizados. Esto incluye cifrado, almacenamiento seguro y acceso limitado a los datos personales. <\/span><\/p>\t\t\t\t\t\t\t\t<\/div>\n\t\t\t\t<div class=\"elementor-element elementor-element-61af05c elementor-widget elementor-widget-heading\" data-id=\"61af05c\" data-element_type=\"widget\" data-e-type=\"widget\" data-widget_type=\"heading.default\">\n\t\t\t\t\t<h2 class=\"elementor-heading-title elementor-size-default\">9. Modificaciones a esta Pol\u00edtica<\/h2>\t\t\t\t<\/div>\n\t\t\t\t<div class=\"elementor-element elementor-element-5fad3f7 elementor-widget-tablet__width-inherit elementor-widget__width-inherit elementor-widget elementor-widget-text-editor\" data-id=\"5fad3f7\" data-element_type=\"widget\" data-e-type=\"widget\" data-widget_type=\"text-editor.default\">\n\t\t\t\t\t\t\t\t\t<p><span style=\"font-weight: 400;\">Podemos actualizar esta Pol\u00edtica de Privacidad para reflejar cambios en nuestro negocio o en los requisitos legales. La versi\u00f3n m\u00e1s reciente siempre estar\u00e1 disponible en nuestro sitio web, con la fecha de la \u00faltima actualizaci\u00f3n claramente indicada. <\/span><\/p>\t\t\t\t\t\t\t\t<\/div>\n\t\t\t\t<\/div>\n\t\t\t\t\t<\/div>\n\t\t\t\t<\/div>\n\t\t\t\t<\/div>\n\t\t","protected":false},"excerpt":{"rendered":"<p>Pol\u00edtica de Privacidad de Solareclipsespain.com \u00daltima actualizaci\u00f3n y fecha de entrada en vigor: 1. Introducci\u00f3n Nos tomamos muy en serio [&hellip;]<\/p>\n","protected":false},"author":19,"featured_media":0,"parent":0,"menu_order":0,"comment_status":"closed","ping_status":"closed","template":"","meta":{"site-sidebar-layout":"no-sidebar","site-content-layout":"","ast-site-content-layout":"full-width-container","site-content-style":"default","site-sidebar-style":"default","ast-global-header-display":"","ast-banner-title-visibility":"","ast-main-header-display":"","ast-hfb-above-header-display":"","ast-hfb-below-header-display":"","ast-hfb-mobile-header-display":"","site-post-title":"disabled","ast-breadcrumbs-content":"","ast-featured-img":"disabled","footer-sml-layout":"","ast-disable-related-posts":"","theme-transparent-header-meta":"","adv-header-id-meta":"","stick-header-meta":"","header-above-stick-meta":"","header-main-stick-meta":"","header-below-stick-meta":"","astra-migrate-meta-layouts":"default","ast-page-background-enabled":"default","ast-page-background-meta":{"desktop":{"background-color":"var(--ast-global-color-5)","background-image":"","background-repeat":"repeat","background-position":"center center","background-size":"auto","background-attachment":"scroll","background-type":"","background-media":"","overlay-type":"","overlay-color":"","overlay-opacity":"","overlay-gradient":""},"tablet":{"background-color":"","background-image":"","background-repeat":"repeat","background-position":"center center","background-size":"auto","background-attachment":"scroll","background-type":"","background-media":"","overlay-type":"","overlay-color":"","overlay-opacity":"","overlay-gradient":""},"mobile":{"background-color":"","background-image":"","background-repeat":"repeat","background-position":"center center","background-size":"auto","background-attachment":"scroll","background-type":"","background-media":"","overlay-type":"","overlay-color":"","overlay-opacity":"","overlay-gradient":""}},"ast-content-background-meta":{"desktop":{"background-color":"var(--ast-global-color-4)","background-image":"","background-repeat":"repeat","background-position":"center center","background-size":"auto","background-attachment":"scroll","background-type":"","background-media":"","overlay-type":"","overlay-color":"","overlay-opacity":"","overlay-gradient":""},"tablet":{"background-color":"var(--ast-global-color-4)","background-image":"","background-repeat":"repeat","background-position":"center center","background-size":"auto","background-attachment":"scroll","background-type":"","background-media":"","overlay-type":"","overlay-color":"","overlay-opacity":"","overlay-gradient":""},"mobile":{"background-color":"var(--ast-global-color-4)","background-image":"","background-repeat":"repeat","background-position":"center center","background-size":"auto","background-attachment":"scroll","background-type":"","background-media":"","overlay-type":"","overlay-color":"","overlay-opacity":"","overlay-gradient":""}},"footnotes":""},"class_list":["post-4484","page","type-page","status-publish","hentry"],"_links":{"self":[{"href":"https:\/\/solareclipsespain.com\/es\/wp-json\/wp\/v2\/pages\/4484","targetHints":{"allow":["GET"]}}],"collection":[{"href":"https:\/\/solareclipsespain.com\/es\/wp-json\/wp\/v2\/pages"}],"about":[{"href":"https:\/\/solareclipsespain.com\/es\/wp-json\/wp\/v2\/types\/page"}],"author":[{"embeddable":true,"href":"https:\/\/solareclipsespain.com\/es\/wp-json\/wp\/v2\/users\/19"}],"replies":[{"embeddable":true,"href":"https:\/\/solareclipsespain.com\/es\/wp-json\/wp\/v2\/comments?post=4484"}],"version-history":[{"count":7,"href":"https:\/\/solareclipsespain.com\/es\/wp-json\/wp\/v2\/pages\/4484\/revisions"}],"predecessor-version":[{"id":6501,"href":"https:\/\/solareclipsespain.com\/es\/wp-json\/wp\/v2\/pages\/4484\/revisions\/6501"}],"wp:attachment":[{"href":"https:\/\/solareclipsespain.com\/es\/wp-json\/wp\/v2\/media?parent=4484"}],"curies":[{"name":"wp","href":"https:\/\/api.w.org\/{rel}","templated":true}]}}