{"id":5870,"date":"2025-11-06T23:25:57","date_gmt":"2025-11-06T22:25:57","guid":{"rendered":"https:\/\/solareclipsespain.com\/6010-privacy-policy\/"},"modified":"2026-03-18T15:18:09","modified_gmt":"2026-03-18T14:18:09","slug":"datenschutzerklaerung","status":"publish","type":"page","link":"https:\/\/solareclipsespain.com\/de\/datenschutzerklaerung\/","title":{"rendered":"6010-Privacy Policy"},"content":{"rendered":"\t\t<div data-elementor-type=\"wp-page\" data-elementor-id=\"5870\" class=\"elementor elementor-5870 elementor-3767\" data-elementor-post-type=\"page\">\n\t\t\t\t<div class=\"elementor-element elementor-element-7ace3ed7 e-flex e-con-boxed e-con e-parent\" data-id=\"7ace3ed7\" data-element_type=\"container\" data-e-type=\"container\" data-settings=\"{&quot;background_background&quot;:&quot;classic&quot;}\">\n\t\t\t\t\t<div class=\"e-con-inner\">\n\t\t\t\t<div class=\"elementor-element elementor-element-283d00b8 elementor-widget elementor-widget-heading\" data-id=\"283d00b8\" data-element_type=\"widget\" data-e-type=\"widget\" data-widget_type=\"heading.default\">\n\t\t\t\t\t<h1 class=\"elementor-heading-title elementor-size-default\">Datenschutzerkl\u00e4rung<\/h1>\t\t\t\t<\/div>\n\t\t\t\t\t<\/div>\n\t\t\t\t<\/div>\n\t\t<div class=\"elementor-element elementor-element-554017d1 e-flex e-con-boxed e-con e-parent\" data-id=\"554017d1\" data-element_type=\"container\" data-e-type=\"container\" data-settings=\"{&quot;background_background&quot;:&quot;classic&quot;}\">\n\t\t\t\t\t<div class=\"e-con-inner\">\n\t\t<div class=\"elementor-element elementor-element-6593a2e2 e-con-full e-flex e-con e-child\" data-id=\"6593a2e2\" data-element_type=\"container\" data-e-type=\"container\">\n\t\t<div class=\"elementor-element elementor-element-76f66785 e-con-full e-flex e-con e-child\" data-id=\"76f66785\" data-element_type=\"container\" data-e-type=\"container\">\n\t\t\t\t<div class=\"elementor-element elementor-element-aabced8 elementor-widget elementor-widget-text-editor\" data-id=\"aabced8\" data-element_type=\"widget\" data-e-type=\"widget\" data-widget_type=\"text-editor.default\">\n\t\t\t\t\t\t\t\t\t<p>Stand und Datum des Inkrafttretens:<\/p>\t\t\t\t\t\t\t\t<\/div>\n\t\t\t\t<\/div>\n\t\t<div class=\"elementor-element elementor-element-257107ef e-con-full e-flex e-con e-child\" data-id=\"257107ef\" data-element_type=\"container\" data-e-type=\"container\">\n\t\t\t\t<div class=\"elementor-element elementor-element-46afe29d elementor-widget elementor-widget-text-editor\" data-id=\"46afe29d\" data-element_type=\"widget\" data-e-type=\"widget\" data-widget_type=\"text-editor.default\">\n\t\t\t\t\t\t\t\t\t6. November 2025\t\t\t\t\t\t\t\t<\/div>\n\t\t\t\t<\/div>\n\t\t\t\t<\/div>\n\t\t<div class=\"elementor-element elementor-element-4d2eec5d e-con-full e-flex e-con e-child\" data-id=\"4d2eec5d\" data-element_type=\"container\" data-e-type=\"container\">\n\t\t\t\t<div class=\"elementor-element elementor-element-4521002e elementor-widget elementor-widget-heading\" data-id=\"4521002e\" data-element_type=\"widget\" data-e-type=\"widget\" data-widget_type=\"heading.default\">\n\t\t\t\t\t<h3 class=\"elementor-heading-title elementor-size-default\">1. Einleitung<\/h3>\t\t\t\t<\/div>\n\t\t\t\t<div class=\"elementor-element elementor-element-43bc5c4 elementor-widget-tablet__width-inherit elementor-widget__width-inherit elementor-widget elementor-widget-text-editor\" data-id=\"43bc5c4\" data-element_type=\"widget\" data-e-type=\"widget\" data-widget_type=\"text-editor.default\">\n\t\t\t\t\t\t\t\t\t<p><span style=\"font-weight: 400;\">Wir nehmen Ihre Privatsph\u00e4re ernst. Ganz gleich, ob Sie Sonnenfinsternisbrillen kaufen, an unserem Partnerprogramm oder einer Verlosung teilnehmen oder lediglich unsere Website besuchen \u2013 wir legen gro\u00dfen Wert darauf, dass Ihre personenbezogenen Daten verantwortungsbewusst, sicher und transparent verarbeitet werden. <\/span><\/p><p><span style=\"font-weight: 400;\">Diese Datenschutzerkl\u00e4rung erl\u00e4utert:<\/span><\/p><ul><li style=\"font-weight: 400;\" aria-level=\"1\"><span style=\"font-weight: 400;\">Welche personenbezogenen Daten wir erheben<\/span><\/li><li style=\"font-weight: 400;\" aria-level=\"1\"><span style=\"font-weight: 400;\">Warum wir sie erheben und wie wir sie verwenden<\/span><\/li><li style=\"font-weight: 400;\" aria-level=\"1\"><span style=\"font-weight: 400;\">Empf\u00e4nger Ihrer Daten und Zweck der Weitergabe<\/span><\/li><li style=\"font-weight: 400;\" aria-level=\"1\"><span style=\"font-weight: 400;\">Wie lange wir sie speichern<\/span><\/li><li style=\"font-weight: 400;\" aria-level=\"1\">Ihre Rechte gem\u00e4\u00df der <span style=\"font-weight: 400;\">Datenschutz-Grundverordnung (DSGVO)<\/span><\/li><\/ul><p><span style=\"font-weight: 400;\">Unser Ziel ist es, dies klar und verst\u00e4ndlich zu gestalten \u2013 denn der Schutz Ihrer Privatsph\u00e4re ist uns genauso wichtig wie der Schutz Ihrer Augen w\u00e4hrend einer Sonnenfinsternis.<\/span><\/p>\t\t\t\t\t\t\t\t<\/div>\n\t\t\t\t<div class=\"elementor-element elementor-element-5b4fa48c elementor-widget elementor-widget-heading\" data-id=\"5b4fa48c\" data-element_type=\"widget\" data-e-type=\"widget\" data-widget_type=\"heading.default\">\n\t\t\t\t\t<h2 class=\"elementor-heading-title elementor-size-default\">2. Verantwortlicher f\u00fcr die Datenverarbeitung<\/h2>\t\t\t\t<\/div>\n\t\t\t\t<div class=\"elementor-element elementor-element-17710acf elementor-widget-tablet__width-inherit elementor-widget__width-inherit elementor-widget elementor-widget-text-editor\" data-id=\"17710acf\" data-element_type=\"widget\" data-e-type=\"widget\" data-widget_type=\"text-editor.default\">\n\t\t\t\t\t\t\t\t\t<p>Verantwortlicher f\u00fcr Ihre personenbezogenen Daten ist:<\/p><p>Peitho Marketing LLC<br>539 W. Commerce St #4973<br>Dallas, TX 75208<br>Vereinigte Staaten von Amerika<\/p><p>Wir entscheiden gem\u00e4\u00df der <span style=\"color: #fbc35d;\"><a style=\"color: #fbc35d;\" href=\"https:\/\/gdpr.eu\/what-is-gdpr\/\" target=\"_blank\" rel=\"noopener\">EU-Datenschutz-Grundverordnung (DSGVO)<\/a><\/span>, wie und warum Ihre personenbezogenen Daten verarbeitet werden.<\/p>\t\t\t\t\t\t\t\t<\/div>\n\t\t\t\t<div class=\"elementor-element elementor-element-53e27102 elementor-widget elementor-widget-heading\" data-id=\"53e27102\" data-element_type=\"widget\" data-e-type=\"widget\" data-widget_type=\"heading.default\">\n\t\t\t\t\t<h2 class=\"elementor-heading-title elementor-size-default\">3. Zugriffsdaten und Hosting<\/h2>\t\t\t\t<\/div>\n\t\t\t\t<div class=\"elementor-element elementor-element-3e7c3d1e elementor-widget-tablet__width-inherit elementor-widget__width-inherit elementor-widget elementor-widget-text-editor\" data-id=\"3e7c3d1e\" data-element_type=\"widget\" data-e-type=\"widget\" data-widget_type=\"text-editor.default\">\n\t\t\t\t\t\t\t\t\t<p>Beim Besuch unserer Website erfasst unser System automatisch bestimmte technische Informationen (\u201eServer-Logdateien\u201c). Dazu geh\u00f6ren Ihre IP-Adresse, Datum und Uhrzeit des Zugriffs, aufgerufene Seiten, angeforderte Dateien, die \u00fcbertragene Datenmenge, Browsertyp\/-version, Betriebssystem und die Website, von der Sie zu uns gelangt sind. <\/p><p>Wir nutzen diese Daten, um den reibungslosen Betrieb unserer Website zu gew\u00e4hrleisten, technische Probleme zu erkennen und zu beheben sowie uns vor Cyberbedrohungen zu sch\u00fctzen. Beispielsweise k\u00f6nnen wir bei ungew\u00f6hnlichen Aktivit\u00e4ten in den Logdateien Ma\u00dfnahmen ergreifen, um potenzielle Angriffe zu blockieren, bevor Schaden entsteht. <\/p><p>Rechtsgrundlage: Berechtigtes Interesse (Art. 6 Abs. 1 lit. f DSGVO) an der Aufrechterhaltung der Sicherheit und Funktionalit\u00e4t unserer Online-Dienste.<br>Speicherung: Protokolle werden in der Regel bis zu 14 Tage gespeichert und anschlie\u00dfend gel\u00f6scht, es sei denn, wir ben\u00f6tigen sie aus Sicherheits- oder rechtlichen Gr\u00fcnden. <\/p>\t\t\t\t\t\t\t\t<\/div>\n\t\t\t\t<div class=\"elementor-element elementor-element-25ae8721 elementor-widget elementor-widget-heading\" data-id=\"25ae8721\" data-element_type=\"widget\" data-e-type=\"widget\" data-widget_type=\"heading.default\">\n\t\t\t\t\t<h2 class=\"elementor-heading-title elementor-size-default\">4. Webhosting<\/h2>\t\t\t\t<\/div>\n\t\t\t\t<div class=\"elementor-element elementor-element-5da6ae98 elementor-widget-tablet__width-inherit elementor-widget__width-inherit elementor-widget elementor-widget-text-editor\" data-id=\"5da6ae98\" data-element_type=\"widget\" data-e-type=\"widget\" data-widget_type=\"text-editor.default\">\n\t\t\t\t\t\t\t\t\t<p>Unsere Website wird von professionellen Anbietern in Europa gehostet, die den ben\u00f6tigten Serverplatz und die Technologie bereitstellen. Alle \u00fcber die Website erfassten personenbezogenen Daten \u2013 einschlie\u00dflich Bestellformulare, Kontaktformulare und Partnerregistrierungen \u2013 werden auf deren sicheren Servern verarbeitet. <\/p><p>Wir arbeiten ausschlie\u00dflich mit Hosting-Anbietern zusammen, die die Sicherheitsstandards der DSGVO erf\u00fcllen und somit die Sicherheit Ihrer Daten w\u00e4hrend der \u00dcbertragung und Speicherung gew\u00e4hrleisten.<\/p>\t\t\t\t\t\t\t\t<\/div>\n\t\t\t\t<div class=\"elementor-element elementor-element-28d2a849 elementor-widget elementor-widget-heading\" data-id=\"28d2a849\" data-element_type=\"widget\" data-e-type=\"widget\" data-widget_type=\"heading.default\">\n\t\t\t\t\t<h2 class=\"elementor-heading-title elementor-size-default\">5. Kontaktformular<\/h2>\t\t\t\t<\/div>\n\t\t\t\t<div class=\"elementor-element elementor-element-4e3e864f elementor-widget-tablet__width-inherit elementor-widget__width-inherit elementor-widget elementor-widget-text-editor\" data-id=\"4e3e864f\" data-element_type=\"widget\" data-e-type=\"widget\" data-widget_type=\"text-editor.default\">\n\t\t\t\t\t\t\t\t\t<p>Wenn Sie uns \u00fcber unser Kontaktformular oder per E-Mail kontaktieren, erfassen wir gegebenenfalls Ihren Namen, Ihre E-Mail-Adresse, Ihre Telefonnummer und weitere Angaben, die Sie uns je nach Kommunikationsmethode mitteilen.<\/p><p>Wir verwenden diese Informationen, um Ihre Anfragen zu beantworten und gegebenenfalls nachzufassen.<\/p><p>Rechtsgrundlage: Vertragserf\u00fcllung im Zusammenhang mit einer Bestellung (Art. 6 Abs. 1 lit. b DSGVO) oder berechtigtes Interesse an der Bearbeitung von Anfragen (Art. 6 Abs. 1 lit. f DSGVO).  <\/p><p>Speicherung: Anfragebezogene E-Mails werden so lange aufbewahrt, wie es f\u00fcr die Verwaltung und Dokumentation der Kommunikation erforderlich ist, in der Regel bis zu 12 Monate. Wir k\u00f6nnen Korrespondenz l\u00e4nger aufbewahren, wenn sie f\u00fcr eine laufende Angelegenheit oder zuk\u00fcnftige Folgema\u00dfnahmen relevant ist. Sobald sie nicht mehr ben\u00f6tigt werden, werden die Daten sicher gel\u00f6scht oder gem\u00e4\u00df unserer Richtlinie zur Datenaufbewahrung archiviert.  <\/p>\t\t\t\t\t\t\t\t<\/div>\n\t\t\t\t<div class=\"elementor-element elementor-element-4c4bfb92 elementor-widget elementor-widget-heading\" data-id=\"4c4bfb92\" data-element_type=\"widget\" data-e-type=\"widget\" data-widget_type=\"heading.default\">\n\t\t\t\t\t<h2 class=\"elementor-heading-title elementor-size-default\">6. Diskussionsforum und soziale Medien<\/h2>\t\t\t\t<\/div>\n\t\t\t\t<div class=\"elementor-element elementor-element-2ebcf0f5 elementor-widget-tablet__width-inherit elementor-widget__width-inherit elementor-widget elementor-widget-text-editor\" data-id=\"2ebcf0f5\" data-element_type=\"widget\" data-e-type=\"widget\" data-widget_type=\"text-editor.default\">\n\t\t\t\t\t\t\t\t\t<p><span style=\"font-weight: 400;\">Unser Diskussionsforum erm\u00f6glicht es Nutzern, Kommentare abzugeben oder sich zu beteiligen, indem sie sich mit einem Social-Media- oder Google-Konto anmelden. Bei Auswahl dieser Option erfolgt die Authentifizierung direkt durch den jeweiligen Anbieter (z. B. Google, Facebook, Instagram, X). Wir erhalten lediglich die Informationen, die zur Erstellung oder Identifizierung Ihres Nutzerprofils auf unserer Website erforderlich sind \u2013 in der Regel Ihren Namen, Ihre E-Mail-Adresse und eine anbieterspezifische Benutzerkennung.  <\/span><\/p><p><span style=\"font-weight: 400;\">Diese Informationen werden sicher auf unserem Webserver in Ihrem WordPress-Benutzerkonto gespeichert, damit Sie Beitr\u00e4ge ver\u00f6ffentlichen, Ihr Profil verwalten und angemeldet bleiben k\u00f6nnen. Wir erhalten keinen Zugriff auf Ihr Passwort oder andere pers\u00f6nliche Daten Ihres Social-Media-Kontos. <\/span><\/p><p><span style=\"font-weight: 400;\">Die Rechtsgrundlage f\u00fcr die Verarbeitung dieser Daten ist unser berechtigtes Interesse (Art. 6 Abs. 1 lit. f DSGVO), eine komfortable und sichere Anmeldefunktion zu erm\u00f6glichen und die Interaktion innerhalb unserer Community zu f\u00f6rdern. <\/span><\/p><p><span style=\"font-weight: 400;\">Im Rahmen des Anmeldevorgangs fungieren Peitho Marketing LLC und die jeweilige Social-Media-Plattform als gemeinsam Verantwortliche gem\u00e4\u00df Art. 26 DSGVO, beschr\u00e4nkt auf die Authentifizierung und Daten\u00fcbertragung. Jede Partei bleibt f\u00fcr ihre weiteren Verarbeitungst\u00e4tigkeiten eigenverantwortlich. <\/span><\/p><p><span style=\"font-weight: 400;\">Sie k\u00f6nnen Ihr Forum-Konto jederzeit l\u00f6schen, indem Sie uns <a href=\"https:\/\/solareclipsespain-co-726796.hostingersite.com\/de\/kontakt\/\" target=\"_blank\" rel=\"noopener\">kontaktieren<\/a>.<\/span><\/p><p><span style=\"font-weight: 400;\">Nach der L\u00f6schung bleiben Ihre Beitr\u00e4ge unter einem anonymisierten Benutzernamen sichtbar, sofern Sie deren Entfernung nicht beantragen.<\/span><\/p><p><span style=\"font-weight: 400;\">Weitere Informationen zum Umgang Ihres Anmeldeanbieters mit Ihren Daten finden Sie in dessen Datenschutzerkl\u00e4rung (z. B. Google LLC, Meta Platforms Inc. usw.).<\/span><\/p>\t\t\t\t\t\t\t\t<\/div>\n\t\t\t\t<div class=\"elementor-element elementor-element-124523bc elementor-widget elementor-widget-heading\" data-id=\"124523bc\" data-element_type=\"widget\" data-e-type=\"widget\" data-widget_type=\"heading.default\">\n\t\t\t\t\t<h2 class=\"elementor-heading-title elementor-size-default\">7. Ihre Rechte gem\u00e4\u00df DSGVO<\/h2>\t\t\t\t<\/div>\n\t\t\t\t<div class=\"elementor-element elementor-element-24d2f1f9 elementor-widget-tablet__width-inherit elementor-widget__width-inherit elementor-widget elementor-widget-text-editor\" data-id=\"24d2f1f9\" data-element_type=\"widget\" data-e-type=\"widget\" data-widget_type=\"text-editor.default\">\n\t\t\t\t\t\t\t\t\t<p><span style=\"font-weight: 400;\">Sie haben das Recht:<\/span><\/p><ul><li style=\"font-weight: 400;\" aria-level=\"1\"><span style=\"font-weight: 400;\">Auf Ihre bei uns gespeicherten personenbezogenen Daten zuzugreifen<\/span><\/li><li style=\"font-weight: 400;\" aria-level=\"1\"><span style=\"font-weight: 400;\">Unrichtige Daten zu berichtigen<\/span><\/li><li style=\"font-weight: 400;\" aria-level=\"1\"><span style=\"font-weight: 400;\">Die L\u00f6schung Ihrer personenbezogenen Daten zu verlangen (\u201aRecht auf Vergessenwerden\u2018)<\/span><\/li><li style=\"font-weight: 400;\" aria-level=\"1\"><span style=\"font-weight: 400;\">Die Verarbeitung Ihrer Daten einzuschr\u00e4nken<\/span><\/li><li style=\"font-weight: 400;\" aria-level=\"1\"><span style=\"font-weight: 400;\">Eine Kopie Ihrer Daten in einem portablen Format zu erhalten<\/span><\/li><li style=\"font-weight: 400;\" aria-level=\"1\"><span style=\"font-weight: 400;\">Bestimmten Verarbeitungst\u00e4tigkeiten zu widersprechen<\/span><\/li><li style=\"font-weight: 400;\" aria-level=\"1\"><span style=\"font-weight: 400;\">Ihre Einwilligung jederzeit zu widerrufen<\/span><\/li><li style=\"font-weight: 400;\" aria-level=\"1\"><span style=\"font-weight: 400;\">Das Recht, Beschwerde bei einer zust\u00e4ndigen Datenschutz-Aufsichtsbeh\u00f6rde einzulegen<\/span><\/li><\/ul><p><span style=\"font-weight: 400;\">Um eines dieser Rechte auszu\u00fcben, <a href=\"https:\/\/solareclipsespain-co-726796.hostingersite.com\/de\/kontakt\/\" target=\"_blank\" rel=\"noopener\">kontaktieren Sie uns bitte.<\/a> <\/span><\/p>\t\t\t\t\t\t\t\t<\/div>\n\t\t\t\t<div class=\"elementor-element elementor-element-37b7007 elementor-widget elementor-widget-heading\" data-id=\"37b7007\" data-element_type=\"widget\" data-e-type=\"widget\" data-widget_type=\"heading.default\">\n\t\t\t\t\t<h2 class=\"elementor-heading-title elementor-size-default\">8. Datensicherheit<\/h2>\t\t\t\t<\/div>\n\t\t\t\t<div class=\"elementor-element elementor-element-c746f71 elementor-widget-tablet__width-inherit elementor-widget__width-inherit elementor-widget elementor-widget-text-editor\" data-id=\"c746f71\" data-element_type=\"widget\" data-e-type=\"widget\" data-widget_type=\"text-editor.default\">\n\t\t\t\t\t\t\t\t\t<p><span style=\"font-weight: 400;\">Wir treffen angemessene technische und organisatorische Ma\u00dfnahmen (TOM), um Ihre Daten gegen unbefugten Zugriff, Manipulation, Weitergabe oder Verlust zu sch\u00fctzen. Dies umfasst Verschl\u00fcsselung, sichere Speicherung und beschr\u00e4nkten Zugriff auf personenbezogene Daten. <\/span><\/p>\t\t\t\t\t\t\t\t<\/div>\n\t\t\t\t<div class=\"elementor-element elementor-element-61af05c elementor-widget elementor-widget-heading\" data-id=\"61af05c\" data-element_type=\"widget\" data-e-type=\"widget\" data-widget_type=\"heading.default\">\n\t\t\t\t\t<h2 class=\"elementor-heading-title elementor-size-default\">9. \u00c4nderungen dieser Richtlinie<\/h2>\t\t\t\t<\/div>\n\t\t\t\t<div class=\"elementor-element elementor-element-5fad3f7 elementor-widget-tablet__width-inherit elementor-widget__width-inherit elementor-widget elementor-widget-text-editor\" data-id=\"5fad3f7\" data-element_type=\"widget\" data-e-type=\"widget\" data-widget_type=\"text-editor.default\">\n\t\t\t\t\t\t\t\t\t<p><span style=\"font-weight: 400;\">Wir behalten uns vor, diese Datenschutzerkl\u00e4rung anzupassen, um sie an ver\u00e4nderte Gesch\u00e4ftsabl\u00e4ufe oder rechtliche Anforderungen anzupassen. Die jeweils aktuelle Version ist stets auf unserer Website verf\u00fcgbar; das Datum der letzten Aktualisierung ist deutlich angegeben. <\/span><\/p>\t\t\t\t\t\t\t\t<\/div>\n\t\t\t\t<\/div>\n\t\t\t\t\t<\/div>\n\t\t\t\t<\/div>\n\t\t\t\t<\/div>\n\t\t","protected":false},"excerpt":{"rendered":"<p>Datenschutzerkl\u00e4rung Stand und Datum des Inkrafttretens: 1. Einleitung Wir nehmen Ihre Privatsph\u00e4re ernst. Ganz gleich, ob Sie Sonnenfinsternisbrillen kaufen, an [&hellip;]<\/p>\n","protected":false},"author":19,"featured_media":0,"parent":0,"menu_order":0,"comment_status":"closed","ping_status":"closed","template":"","meta":{"site-sidebar-layout":"no-sidebar","site-content-layout":"","ast-site-content-layout":"full-width-container","site-content-style":"default","site-sidebar-style":"default","ast-global-header-display":"","ast-banner-title-visibility":"","ast-main-header-display":"","ast-hfb-above-header-display":"","ast-hfb-below-header-display":"","ast-hfb-mobile-header-display":"","site-post-title":"disabled","ast-breadcrumbs-content":"","ast-featured-img":"disabled","footer-sml-layout":"","ast-disable-related-posts":"","theme-transparent-header-meta":"","adv-header-id-meta":"","stick-header-meta":"","header-above-stick-meta":"","header-main-stick-meta":"","header-below-stick-meta":"","astra-migrate-meta-layouts":"default","ast-page-background-enabled":"default","ast-page-background-meta":{"desktop":{"background-color":"var(--ast-global-color-5)","background-image":"","background-repeat":"repeat","background-position":"center center","background-size":"auto","background-attachment":"scroll","background-type":"","background-media":"","overlay-type":"","overlay-color":"","overlay-opacity":"","overlay-gradient":""},"tablet":{"background-color":"","background-image":"","background-repeat":"repeat","background-position":"center center","background-size":"auto","background-attachment":"scroll","background-type":"","background-media":"","overlay-type":"","overlay-color":"","overlay-opacity":"","overlay-gradient":""},"mobile":{"background-color":"","background-image":"","background-repeat":"repeat","background-position":"center center","background-size":"auto","background-attachment":"scroll","background-type":"","background-media":"","overlay-type":"","overlay-color":"","overlay-opacity":"","overlay-gradient":""}},"ast-content-background-meta":{"desktop":{"background-color":"var(--ast-global-color-4)","background-image":"","background-repeat":"repeat","background-position":"center center","background-size":"auto","background-attachment":"scroll","background-type":"","background-media":"","overlay-type":"","overlay-color":"","overlay-opacity":"","overlay-gradient":""},"tablet":{"background-color":"var(--ast-global-color-4)","background-image":"","background-repeat":"repeat","background-position":"center center","background-size":"auto","background-attachment":"scroll","background-type":"","background-media":"","overlay-type":"","overlay-color":"","overlay-opacity":"","overlay-gradient":""},"mobile":{"background-color":"var(--ast-global-color-4)","background-image":"","background-repeat":"repeat","background-position":"center center","background-size":"auto","background-attachment":"scroll","background-type":"","background-media":"","overlay-type":"","overlay-color":"","overlay-opacity":"","overlay-gradient":""}},"footnotes":""},"class_list":["post-5870","page","type-page","status-publish","hentry"],"_links":{"self":[{"href":"https:\/\/solareclipsespain.com\/de\/wp-json\/wp\/v2\/pages\/5870","targetHints":{"allow":["GET"]}}],"collection":[{"href":"https:\/\/solareclipsespain.com\/de\/wp-json\/wp\/v2\/pages"}],"about":[{"href":"https:\/\/solareclipsespain.com\/de\/wp-json\/wp\/v2\/types\/page"}],"author":[{"embeddable":true,"href":"https:\/\/solareclipsespain.com\/de\/wp-json\/wp\/v2\/users\/19"}],"replies":[{"embeddable":true,"href":"https:\/\/solareclipsespain.com\/de\/wp-json\/wp\/v2\/comments?post=5870"}],"version-history":[{"count":4,"href":"https:\/\/solareclipsespain.com\/de\/wp-json\/wp\/v2\/pages\/5870\/revisions"}],"predecessor-version":[{"id":6500,"href":"https:\/\/solareclipsespain.com\/de\/wp-json\/wp\/v2\/pages\/5870\/revisions\/6500"}],"wp:attachment":[{"href":"https:\/\/solareclipsespain.com\/de\/wp-json\/wp\/v2\/media?parent=5870"}],"curies":[{"name":"wp","href":"https:\/\/api.w.org\/{rel}","templated":true}]}}