{"id":4975,"date":"2025-11-06T23:25:57","date_gmt":"2025-11-06T22:25:57","guid":{"rendered":"https:\/\/solareclipsespain.com\/0010-privacy-policy\/"},"modified":"2026-03-18T15:18:09","modified_gmt":"2026-03-18T14:18:09","slug":"politica-de-privacitat","status":"publish","type":"page","link":"https:\/\/solareclipsespain.com\/ca\/politica-de-privacitat\/","title":{"rendered":"3010-Privacy Policy"},"content":{"rendered":"\t\t<div data-elementor-type=\"wp-page\" data-elementor-id=\"4975\" class=\"elementor elementor-4975 elementor-3767\" data-elementor-post-type=\"page\">\n\t\t\t\t<div class=\"elementor-element elementor-element-7ace3ed7 e-flex e-con-boxed e-con e-parent\" data-id=\"7ace3ed7\" data-element_type=\"container\" data-e-type=\"container\" data-settings=\"{&quot;background_background&quot;:&quot;classic&quot;}\">\n\t\t\t\t\t<div class=\"e-con-inner\">\n\t\t\t\t<div class=\"elementor-element elementor-element-283d00b8 elementor-widget elementor-widget-heading\" data-id=\"283d00b8\" data-element_type=\"widget\" data-e-type=\"widget\" data-widget_type=\"heading.default\">\n\t\t\t\t\t<h1 class=\"elementor-heading-title elementor-size-default\">Pol\u00edtica de privacitat<\/h1>\t\t\t\t<\/div>\n\t\t\t\t\t<\/div>\n\t\t\t\t<\/div>\n\t\t<div class=\"elementor-element elementor-element-554017d1 e-flex e-con-boxed e-con e-parent\" data-id=\"554017d1\" data-element_type=\"container\" data-e-type=\"container\" data-settings=\"{&quot;background_background&quot;:&quot;classic&quot;}\">\n\t\t\t\t\t<div class=\"e-con-inner\">\n\t\t<div class=\"elementor-element elementor-element-6593a2e2 e-con-full e-flex e-con e-child\" data-id=\"6593a2e2\" data-element_type=\"container\" data-e-type=\"container\">\n\t\t<div class=\"elementor-element elementor-element-76f66785 e-con-full e-flex e-con e-child\" data-id=\"76f66785\" data-element_type=\"container\" data-e-type=\"container\">\n\t\t\t\t<div class=\"elementor-element elementor-element-aabced8 elementor-widget elementor-widget-text-editor\" data-id=\"aabced8\" data-element_type=\"widget\" data-e-type=\"widget\" data-widget_type=\"text-editor.default\">\n\t\t\t\t\t\t\t\t\t<p>Darrera actualitzaci\u00f3 i data d&#8217;entrada en vigor:<\/p>\t\t\t\t\t\t\t\t<\/div>\n\t\t\t\t<\/div>\n\t\t<div class=\"elementor-element elementor-element-257107ef e-con-full e-flex e-con e-child\" data-id=\"257107ef\" data-element_type=\"container\" data-e-type=\"container\">\n\t\t\t\t<div class=\"elementor-element elementor-element-46afe29d elementor-widget elementor-widget-text-editor\" data-id=\"46afe29d\" data-element_type=\"widget\" data-e-type=\"widget\" data-widget_type=\"text-editor.default\">\n\t\t\t\t\t\t\t\t\t6 de novembre de 2025\t\t\t\t\t\t\t\t<\/div>\n\t\t\t\t<\/div>\n\t\t\t\t<\/div>\n\t\t<div class=\"elementor-element elementor-element-4d2eec5d e-con-full e-flex e-con e-child\" data-id=\"4d2eec5d\" data-element_type=\"container\" data-e-type=\"container\">\n\t\t\t\t<div class=\"elementor-element elementor-element-4521002e elementor-widget elementor-widget-heading\" data-id=\"4521002e\" data-element_type=\"widget\" data-e-type=\"widget\" data-widget_type=\"heading.default\">\n\t\t\t\t\t<h3 class=\"elementor-heading-title elementor-size-default\">1. Introducci\u00f3<\/h3>\t\t\t\t<\/div>\n\t\t\t\t<div class=\"elementor-element elementor-element-43bc5c4 elementor-widget-tablet__width-inherit elementor-widget__width-inherit elementor-widget elementor-widget-text-editor\" data-id=\"43bc5c4\" data-element_type=\"widget\" data-e-type=\"widget\" data-widget_type=\"text-editor.default\">\n\t\t\t\t\t\t\t\t\t<p><span style=\"font-weight: 400;\">Ens prenem la vostra privadesa molt seriosament. Tant si compreu ulleres d&#8217;eclipsi, us uniu al nostre programa d&#8217;afiliats, participeu en un sorteig o simplement navegueu pel nostre lloc web, volem que us sentiu segurs que les vostres dades personals es gestionen de manera responsable, segura i transparent. <\/span><\/p><p><span style=\"font-weight: 400;\">Aquesta Pol\u00edtica de privadesa explica:<\/span><\/p><ul><li style=\"font-weight: 400;\" aria-level=\"1\"><span style=\"font-weight: 400;\">Quines dades personals recopilem<\/span><\/li><li style=\"font-weight: 400;\" aria-level=\"1\"><span style=\"font-weight: 400;\">Per qu\u00e8 les recopilem i com les utilitzem<\/span><\/li><li style=\"font-weight: 400;\" aria-level=\"1\"><span style=\"font-weight: 400;\">Amb qui les compartim i per qu\u00e8<\/span><\/li><li style=\"font-weight: 400;\" aria-level=\"1\"><span style=\"font-weight: 400;\">Quant de temps les conservem<\/span><\/li><li style=\"font-weight: 400;\" aria-level=\"1\">Els vostres drets en virtut del Reglament general de protecci\u00f3 de dades (RGPD)<\/li><\/ul><p><span style=\"font-weight: 400;\">El nostre objectiu \u00e9s deixar-ho clar i f\u00e0cil d&#8217;entendre, perqu\u00e8 la protecci\u00f3 de la vostra privadesa ens importa tant com la dels vostres ulls durant un eclipsi solar.<\/span><\/p>\t\t\t\t\t\t\t\t<\/div>\n\t\t\t\t<div class=\"elementor-element elementor-element-5b4fa48c elementor-widget elementor-widget-heading\" data-id=\"5b4fa48c\" data-element_type=\"widget\" data-e-type=\"widget\" data-widget_type=\"heading.default\">\n\t\t\t\t\t<h2 class=\"elementor-heading-title elementor-size-default\">2. Responsable del tractament<\/h2>\t\t\t\t<\/div>\n\t\t\t\t<div class=\"elementor-element elementor-element-17710acf elementor-widget-tablet__width-inherit elementor-widget__width-inherit elementor-widget elementor-widget-text-editor\" data-id=\"17710acf\" data-element_type=\"widget\" data-e-type=\"widget\" data-widget_type=\"text-editor.default\">\n\t\t\t\t\t\t\t\t\t<p>El Responsable del tractament de les vostres dades personals \u00e9s:<\/p><p>Peitho Marketing LLC<br>539 W. Commerce St #4973<br>Dallas, TX 75208<br>Estats Units d&#8217;Am\u00e8rica<\/p><p>Aix\u00f2 significa que nosaltres decidim com i per qu\u00e8 es processen les vostres dades personals, d&#8217;acord amb <span style=\"color: #fbc35d;\"><a style=\"color: #fbc35d;\" href=\"https:\/\/gdpr.eu\/what-is-gdpr\/\" target=\"_blank\" rel=\"noopener\">el RGPD (Reglament general de protecci\u00f3 de dades) de la UE.<\/a><\/span><\/p>\t\t\t\t\t\t\t\t<\/div>\n\t\t\t\t<div class=\"elementor-element elementor-element-53e27102 elementor-widget elementor-widget-heading\" data-id=\"53e27102\" data-element_type=\"widget\" data-e-type=\"widget\" data-widget_type=\"heading.default\">\n\t\t\t\t\t<h2 class=\"elementor-heading-title elementor-size-default\">3. Dades d'acc\u00e9s i allotjament<\/h2>\t\t\t\t<\/div>\n\t\t\t\t<div class=\"elementor-element elementor-element-3e7c3d1e elementor-widget-tablet__width-inherit elementor-widget__width-inherit elementor-widget elementor-widget-text-editor\" data-id=\"3e7c3d1e\" data-element_type=\"widget\" data-e-type=\"widget\" data-widget_type=\"text-editor.default\">\n\t\t\t\t\t\t\t\t\t<p>Quan visiteu el nostre lloc web, el nostre sistema registra autom\u00e0ticament certa informaci\u00f3 t\u00e8cnica (&#8220;fitxers de registre del servidor&#8221;). Aix\u00f2 inclou la vostra adre\u00e7a IP, data i hora d&#8217;acc\u00e9s, p\u00e0gines visitades, fitxers sol\u00b7licitats, la quantitat de dades transferides, tipus\/versi\u00f3 del navegador, sistema operatiu i el lloc web de proced\u00e8ncia. <\/p><p>Utilitzem aquestes dades per garantir el bon funcionament del nostre lloc, per identificar i solucionar problemes t\u00e8cnics i per protegir-nos contra les amenaces cibern\u00e8tiques. Per exemple, si veiem una activitat inusual als registres, podem prendre mesures per bloquejar possibles atacs abans que causin danys. <\/p><p>Base legal: Inter\u00e8s leg\u00edtim (Art. 6(1)(f) RGPD) per mantenir la seguretat i la funcionalitat dels nostres serveis en l\u00ednia.<br>Conservaci\u00f3: Els registres normalment es conserven durant un m\u00e0xim de 14 dies i despr\u00e9s s&#8217;eliminen, tret que els necessitem per motius de seguretat o legals. <\/p>\t\t\t\t\t\t\t\t<\/div>\n\t\t\t\t<div class=\"elementor-element elementor-element-25ae8721 elementor-widget elementor-widget-heading\" data-id=\"25ae8721\" data-element_type=\"widget\" data-e-type=\"widget\" data-widget_type=\"heading.default\">\n\t\t\t\t\t<h2 class=\"elementor-heading-title elementor-size-default\">4. Allotjament web<\/h2>\t\t\t\t<\/div>\n\t\t\t\t<div class=\"elementor-element elementor-element-5da6ae98 elementor-widget-tablet__width-inherit elementor-widget__width-inherit elementor-widget elementor-widget-text-editor\" data-id=\"5da6ae98\" data-element_type=\"widget\" data-e-type=\"widget\" data-widget_type=\"text-editor.default\">\n\t\t\t\t\t\t\t\t\t<p>El nostre lloc web est\u00e0 allotjat per prove\u00efdors professionals a Europa que subministren l&#8217;espai del servidor i la tecnologia necessaris per al funcionament del nostre lloc. Totes les dades personals recollides a trav\u00e9s del lloc web, inclosos els formularis de comanda, els formularis de contacte i els registres d&#8217;afiliats, es processen als seus servidors segurs. <\/p><p>Nom\u00e9s treballem amb prove\u00efdors d&#8217;allotjament que compleixen els est\u00e0ndards de seguretat del RGPD, garantint que les vostres dades es mantinguin segures durant la transmissi\u00f3 i l&#8217;emmagatzematge.<\/p>\t\t\t\t\t\t\t\t<\/div>\n\t\t\t\t<div class=\"elementor-element elementor-element-28d2a849 elementor-widget elementor-widget-heading\" data-id=\"28d2a849\" data-element_type=\"widget\" data-e-type=\"widget\" data-widget_type=\"heading.default\">\n\t\t\t\t\t<h2 class=\"elementor-heading-title elementor-size-default\">5. Formulari de contacte<\/h2>\t\t\t\t<\/div>\n\t\t\t\t<div class=\"elementor-element elementor-element-4e3e864f elementor-widget-tablet__width-inherit elementor-widget__width-inherit elementor-widget elementor-widget-text-editor\" data-id=\"4e3e864f\" data-element_type=\"widget\" data-e-type=\"widget\" data-widget_type=\"text-editor.default\">\n\t\t\t\t\t\t\t\t\t<p>Si us poseu en contacte a trav\u00e9s del nostre formulari de contacte o correu electr\u00f2nic, podem recopilar el vostre nom, adre\u00e7a de correu electr\u00f2nic, n\u00famero de tel\u00e8fon i qualsevol altra dada que trieu compartir en funci\u00f3 del mitj\u00e0 de comunicaci\u00f3 utilitzat.<\/p><p>Utilitzem aquesta informaci\u00f3 per respondre a les vostres consultes i fer un seguiment si cal.<\/p><p>Base jur\u00eddica: Execuci\u00f3 del contracte si est\u00e0 relacionat amb una comanda (Art. 6(1)(b) RGPD) o inter\u00e8s leg\u00edtim en la gesti\u00f3 de consultes (Art. 6(1)(f) RGPD).<br>  <\/p><p>Conservaci\u00f3: Els correus electr\u00f2nics relacionats amb consultes es conserven durant el temps que sigui necessari per gestionar i documentar les comunicacions, normalment fins a 12 mesos. Podem conservar la correspond\u00e8ncia durant m\u00e9s temps si \u00e9s rellevant per a un assumpte en curs o un seguiment futur. Un cop ja no siguin necess\u00e0ries, les dades s&#8217;eliminen o s&#8217;arxiven de manera segura d&#8217;acord amb la nostra pol\u00edtica de conservaci\u00f3 de dades.  <\/p>\t\t\t\t\t\t\t\t<\/div>\n\t\t\t\t<div class=\"elementor-element elementor-element-4c4bfb92 elementor-widget elementor-widget-heading\" data-id=\"4c4bfb92\" data-element_type=\"widget\" data-e-type=\"widget\" data-widget_type=\"heading.default\">\n\t\t\t\t\t<h2 class=\"elementor-heading-title elementor-size-default\">6. F\u00f2rum de discussi\u00f3 i xarxes socials<\/h2>\t\t\t\t<\/div>\n\t\t\t\t<div class=\"elementor-element elementor-element-2ebcf0f5 elementor-widget-tablet__width-inherit elementor-widget__width-inherit elementor-widget elementor-widget-text-editor\" data-id=\"2ebcf0f5\" data-element_type=\"widget\" data-e-type=\"widget\" data-widget_type=\"text-editor.default\">\n\t\t\t\t\t\t\t\t\t<p><span style=\"font-weight: 400;\">El nostre f\u00f2rum de discussi\u00f3 permet als usuaris comentar o participar iniciant la sessi\u00f3 amb un compte de xarxes socials o de Google. Quan trieu aquesta opci\u00f3, l&#8217;autenticaci\u00f3 la gestiona directament el prove\u00efdor seleccionat (per exemple, Google, Facebook, Instagram, X). Nom\u00e9s rebem la informaci\u00f3 necess\u00e0ria per crear o recon\u00e8ixer el vostre perfil d&#8217;usuari al nostre lloc web, normalment el vostre nom, adre\u00e7a de correu electr\u00f2nic i un ID d&#8217;usuari espec\u00edfic del prove\u00efdor.  <\/span><\/p><p><span style=\"font-weight: 400;\">Aquesta informaci\u00f3 s&#8217;emmagatzema de forma segura al nostre servidor web dins del vostre compte d&#8217;usuari de WordPress perqu\u00e8 pugueu publicar missatges, gestionar el vostre perfil i mantenir la sessi\u00f3 iniciada. No obtenim acc\u00e9s a la vostra contrasenya ni a altres dades personals del vostre compte de xarxes socials. <\/span><\/p><p><span style=\"font-weight: 400;\">La base legal per al processament d&#8217;aquestes dades \u00e9s el nostre inter\u00e8s leg\u00edtim (Art. 6 (1)(f) RGPD) per permetre una funcionalitat d&#8217;inici de sessi\u00f3 c\u00f2moda i segura i fomentar la interacci\u00f3 comunit\u00e0ria al nostre lloc. <\/span><\/p><p><span style=\"font-weight: 400;\">En el proc\u00e9s d&#8217;inici de sessi\u00f3 inicial, Peitho Marketing LLC i la plataforma de xarxes socials respectiva actuen com a corresponsables del tractament d&#8217;acord amb l&#8217;Art. 26 RGPD, limitat a l&#8217;autenticaci\u00f3 i la transmissi\u00f3 de dades. Cada part continua sent responsable independent de les seves pr\u00f2pies activitats de processament posteriors. <\/span><\/p><p><span style=\"font-weight: 400;\">Podeu eliminar el vostre compte del f\u00f2rum en qualsevol moment <a href=\"https:\/\/solareclipsespain-co-726796.hostingersite.com\/ca\/contacte\/\" target=\"_blank\" rel=\"noopener\">contactant amb nosaltres<\/a>.<\/span><\/p><p><span style=\"font-weight: 400;\">Un cop eliminades, les vostres publicacions romanen visibles amb un nom d&#8217;usuari an\u00f2nim, tret que sol\u00b7liciteu la seva eliminaci\u00f3.<\/span><\/p><p><span style=\"font-weight: 400;\">Per obtenir m\u00e9s informaci\u00f3 sobre com el vostre prove\u00efdor d&#8217;inici de sessi\u00f3 gestiona les vostres dades, reviseu les seves pol\u00edtiques de privadesa (per exemple, la Pol\u00edtica de privadesa de Google LLC, la Pol\u00edtica de privadesa de Meta Platforms Inc., etc.).<\/span><\/p>\t\t\t\t\t\t\t\t<\/div>\n\t\t\t\t<div class=\"elementor-element elementor-element-124523bc elementor-widget elementor-widget-heading\" data-id=\"124523bc\" data-element_type=\"widget\" data-e-type=\"widget\" data-widget_type=\"heading.default\">\n\t\t\t\t\t<h2 class=\"elementor-heading-title elementor-size-default\">7. Els vostres drets en virtut del RGPD<\/h2>\t\t\t\t<\/div>\n\t\t\t\t<div class=\"elementor-element elementor-element-24d2f1f9 elementor-widget-tablet__width-inherit elementor-widget__width-inherit elementor-widget elementor-widget-text-editor\" data-id=\"24d2f1f9\" data-element_type=\"widget\" data-e-type=\"widget\" data-widget_type=\"text-editor.default\">\n\t\t\t\t\t\t\t\t\t<p><span style=\"font-weight: 400;\">T\u00e9 dret a:<\/span><\/p><ul><li style=\"font-weight: 400;\" aria-level=\"1\"><span style=\"font-weight: 400;\">Accedir a les dades personals que tenim sobre vost\u00e8<\/span><\/li><li style=\"font-weight: 400;\" aria-level=\"1\"><span style=\"font-weight: 400;\">Corregir inexactituds a les seves dades<\/span><\/li><li style=\"font-weight: 400;\" aria-level=\"1\"><span style=\"font-weight: 400;\">Sol\u00b7licitar l&#8217;eliminaci\u00f3 de les seves dades (&#8220;dret a l&#8217;oblit&#8221;)<\/span><\/li><li style=\"font-weight: 400;\" aria-level=\"1\"><span style=\"font-weight: 400;\">Restringir la manera com processem les seves dades<\/span><\/li><li style=\"font-weight: 400;\" aria-level=\"1\"><span style=\"font-weight: 400;\">Rebre una c\u00f2pia de les seves dades en un format port\u00e0til<\/span><\/li><li style=\"font-weight: 400;\" aria-level=\"1\"><span style=\"font-weight: 400;\">Oposar-se a determinades activitats de processament<\/span><\/li><li style=\"font-weight: 400;\" aria-level=\"1\"><span style=\"font-weight: 400;\">Retirar el consentiment en qualsevol moment<\/span><\/li><li style=\"font-weight: 400;\" aria-level=\"1\"><span style=\"font-weight: 400;\">Presentar una reclamaci\u00f3 davant d&#8217;una autoritat de control<\/span><\/li><\/ul><p><span style=\"font-weight: 400;\">Per exercir qualsevol d&#8217;aquests drets, poseu-vos en <a href=\"https:\/\/solareclipsespain-co-726796.hostingersite.com\/ca\/contacte\/\" target=\"_blank\" rel=\"noopener\">contacte amb nosaltres.<\/a> <\/span><\/p>\t\t\t\t\t\t\t\t<\/div>\n\t\t\t\t<div class=\"elementor-element elementor-element-37b7007 elementor-widget elementor-widget-heading\" data-id=\"37b7007\" data-element_type=\"widget\" data-e-type=\"widget\" data-widget_type=\"heading.default\">\n\t\t\t\t\t<h2 class=\"elementor-heading-title elementor-size-default\">8. Seguretat de les dades<\/h2>\t\t\t\t<\/div>\n\t\t\t\t<div class=\"elementor-element elementor-element-c746f71 elementor-widget-tablet__width-inherit elementor-widget__width-inherit elementor-widget elementor-widget-text-editor\" data-id=\"c746f71\" data-element_type=\"widget\" data-e-type=\"widget\" data-widget_type=\"text-editor.default\">\n\t\t\t\t\t\t\t\t\t<p><span style=\"font-weight: 400;\">Apliquem mesures de seguretat t\u00e8cniques i organitzatives per protegir les seves dades de l&#8217;acc\u00e9s, l&#8217;alteraci\u00f3, la divulgaci\u00f3 o la destrucci\u00f3 no autoritzats. Aix\u00f2 inclou el xifratge, l&#8217;emmagatzematge segur i l&#8217;acc\u00e9s limitat a les dades personals. <\/span><\/p>\t\t\t\t\t\t\t\t<\/div>\n\t\t\t\t<div class=\"elementor-element elementor-element-61af05c elementor-widget elementor-widget-heading\" data-id=\"61af05c\" data-element_type=\"widget\" data-e-type=\"widget\" data-widget_type=\"heading.default\">\n\t\t\t\t\t<h2 class=\"elementor-heading-title elementor-size-default\">9. Canvis en aquesta pol\u00edtica<\/h2>\t\t\t\t<\/div>\n\t\t\t\t<div class=\"elementor-element elementor-element-5fad3f7 elementor-widget-tablet__width-inherit elementor-widget__width-inherit elementor-widget elementor-widget-text-editor\" data-id=\"5fad3f7\" data-element_type=\"widget\" data-e-type=\"widget\" data-widget_type=\"text-editor.default\">\n\t\t\t\t\t\t\t\t\t<p><span style=\"font-weight: 400;\">Podem actualitzar aquesta pol\u00edtica de privadesa per reflectir els canvis en els nostres requisits comercials o legals. La darrera versi\u00f3 sempre estar\u00e0 disponible al nostre lloc web, amb la data de l&#8217;\u00faltima actualitzaci\u00f3 clarament indicada. <\/span><\/p>\t\t\t\t\t\t\t\t<\/div>\n\t\t\t\t<\/div>\n\t\t\t\t\t<\/div>\n\t\t\t\t<\/div>\n\t\t\t\t<\/div>\n\t\t","protected":false},"excerpt":{"rendered":"<p>Pol\u00edtica de privacitat Darrera actualitzaci\u00f3 i data d&#8217;entrada en vigor: 1. Introducci\u00f3 Ens prenem la vostra privadesa molt seriosament. Tant [&hellip;]<\/p>\n","protected":false},"author":19,"featured_media":0,"parent":0,"menu_order":0,"comment_status":"closed","ping_status":"closed","template":"","meta":{"site-sidebar-layout":"no-sidebar","site-content-layout":"","ast-site-content-layout":"full-width-container","site-content-style":"default","site-sidebar-style":"default","ast-global-header-display":"","ast-banner-title-visibility":"","ast-main-header-display":"","ast-hfb-above-header-display":"","ast-hfb-below-header-display":"","ast-hfb-mobile-header-display":"","site-post-title":"disabled","ast-breadcrumbs-content":"","ast-featured-img":"disabled","footer-sml-layout":"","ast-disable-related-posts":"","theme-transparent-header-meta":"","adv-header-id-meta":"","stick-header-meta":"","header-above-stick-meta":"","header-main-stick-meta":"","header-below-stick-meta":"","astra-migrate-meta-layouts":"default","ast-page-background-enabled":"default","ast-page-background-meta":{"desktop":{"background-color":"var(--ast-global-color-5)","background-image":"","background-repeat":"repeat","background-position":"center center","background-size":"auto","background-attachment":"scroll","background-type":"","background-media":"","overlay-type":"","overlay-color":"","overlay-opacity":"","overlay-gradient":""},"tablet":{"background-color":"","background-image":"","background-repeat":"repeat","background-position":"center center","background-size":"auto","background-attachment":"scroll","background-type":"","background-media":"","overlay-type":"","overlay-color":"","overlay-opacity":"","overlay-gradient":""},"mobile":{"background-color":"","background-image":"","background-repeat":"repeat","background-position":"center center","background-size":"auto","background-attachment":"scroll","background-type":"","background-media":"","overlay-type":"","overlay-color":"","overlay-opacity":"","overlay-gradient":""}},"ast-content-background-meta":{"desktop":{"background-color":"var(--ast-global-color-4)","background-image":"","background-repeat":"repeat","background-position":"center center","background-size":"auto","background-attachment":"scroll","background-type":"","background-media":"","overlay-type":"","overlay-color":"","overlay-opacity":"","overlay-gradient":""},"tablet":{"background-color":"var(--ast-global-color-4)","background-image":"","background-repeat":"repeat","background-position":"center center","background-size":"auto","background-attachment":"scroll","background-type":"","background-media":"","overlay-type":"","overlay-color":"","overlay-opacity":"","overlay-gradient":""},"mobile":{"background-color":"var(--ast-global-color-4)","background-image":"","background-repeat":"repeat","background-position":"center center","background-size":"auto","background-attachment":"scroll","background-type":"","background-media":"","overlay-type":"","overlay-color":"","overlay-opacity":"","overlay-gradient":""}},"footnotes":""},"class_list":["post-4975","page","type-page","status-publish","hentry"],"_links":{"self":[{"href":"https:\/\/solareclipsespain.com\/ca\/wp-json\/wp\/v2\/pages\/4975","targetHints":{"allow":["GET"]}}],"collection":[{"href":"https:\/\/solareclipsespain.com\/ca\/wp-json\/wp\/v2\/pages"}],"about":[{"href":"https:\/\/solareclipsespain.com\/ca\/wp-json\/wp\/v2\/types\/page"}],"author":[{"embeddable":true,"href":"https:\/\/solareclipsespain.com\/ca\/wp-json\/wp\/v2\/users\/19"}],"replies":[{"embeddable":true,"href":"https:\/\/solareclipsespain.com\/ca\/wp-json\/wp\/v2\/comments?post=4975"}],"version-history":[{"count":7,"href":"https:\/\/solareclipsespain.com\/ca\/wp-json\/wp\/v2\/pages\/4975\/revisions"}],"predecessor-version":[{"id":6499,"href":"https:\/\/solareclipsespain.com\/ca\/wp-json\/wp\/v2\/pages\/4975\/revisions\/6499"}],"wp:attachment":[{"href":"https:\/\/solareclipsespain.com\/ca\/wp-json\/wp\/v2\/media?parent=4975"}],"curies":[{"name":"wp","href":"https:\/\/api.w.org\/{rel}","templated":true}]}}